{"id":8446,"date":"2015-11-13T11:50:16","date_gmt":"2015-11-13T09:50:16","guid":{"rendered":"http:\/\/gtec-power.eu\/cookie-policy\/"},"modified":"2020-02-27T17:50:12","modified_gmt":"2020-02-27T15:50:12","slug":"cookie-policy","status":"publish","type":"page","link":"https:\/\/gtec-power.eu\/fr\/cookie-policy\/","title":{"rendered":"Note d\u2019information compl\u00e8te concernant l\u2019utilisation des cookies"},"content":{"rendered":"<p>gtec-power.eu ou \u201cLe Site\u201d, sur lequel vous naviguez, utilise des cookies afin de rendre ses propres services simples et fonctionnels pour l\u2019utilisateur.<\/p>\n<p>L\u2019utilisateur qui visionne le Site verra l\u2019introduction de quantit\u00e9s minimum d\u2019informations dans le dispositif en cours d\u2019utilisation, qu\u2019il s\u2019agisse d\u2019ordinateurs ou de dispositifs mobiles, constitu\u00e9es de petits fichiers de texte, ceux qu\u2019on appelle les \u201ccookies\u201d, qui sont sauvegard\u00e9s dans l\u2019ordinateur et utilis\u00e9s par le logiciel de navigation web de l\u2019Utilisateur.<\/p>\n<h2>Que sont les cookies?<\/h2>\n<p>Un cookie est un petit fichier de texte que les sites sauvegardent dans votre ordinateur ou dans votre dispositif mobile lors de votre visite.<\/p>\n<p>Les cookies permettent au site de m\u00e9moriser certaines de vos informations et pr\u00e9f\u00e9rences parmi lesquelles, la langue, la connexion, la dimension des caract\u00e8res et les configurations d\u2019affichage afin que vous n\u2019ayez pas \u00e0 les saisir \u00e0 nouveau en naviguant d\u2019une page \u00e0 l\u2019autre ou, au futur, quand vous visiterez \u00e0 nouveau le site.<\/p>\n<p>Les cookies permettent en effet de:<\/p>\n<ul>\n<li>m\u00e9moriser les pr\u00e9f\u00e9rences indiqu\u00e9es;<\/li>\n<li>\u00e9viter de saisir plusieurs fois les m\u00eames informations (ex. nom utilisateur et mot de passe) durant un acc\u00e8s au site;<\/li>\n<li>faire une analyse du service et des contenus offerts par gtec-power.eu afin de pouvoir en am\u00e9liorer aussi bien l\u2019exp\u00e9rience de navigation que la qualit\u00e9 des services offerts.<\/li>\n<\/ul>\n<h2>Quels sont les types de cookies utilis\u00e9s par gtec-power.eu?<\/h2>\n<p>Il existe diff\u00e9rents types de cookies, chacun poss\u00e9dant diff\u00e9rentes fonctionnalit\u00e9s. Certains servent \u00e0 maximiser l\u2019efficacit\u00e9 du site, d\u2019autres \u00e0 en activer certaines fonctions.<\/p>\n<p>gtec-power.eu utilise des cookies techniques, des cookies analytiques et des cookies de tierces parties.<\/p>\n<ul>\n<li><strong>Cookies techniques<\/strong>: ils sont utilis\u00e9s pour effectuer des authentifications informatiques, des monitorages de session et pour m\u00e9moriser des informations sp\u00e9cifiques sur les utilisateurs qui acc\u00e8dent \u00e0 une page web. Ils sont n\u00e9cessaires pour permettre au site de fonctionner correctement.<\/li>\n<li><strong>Cookies analytiques<\/strong>: ils sont utilis\u00e9s pour collecter des informations sous forme agr\u00e9g\u00e9e sur le nombre d\u2019utilisateurs et sur la mani\u00e8re dont ils visitent le site; leur fonction est donc d\u2019\u00e9laborer des statistiques g\u00e9n\u00e9rales sur le service et sur son utilisation.<\/li>\n<li><strong>Cookies de tierces parties<\/strong>: il s\u2019agit de cookies provenant d\u2019autres sites qui ne sont aucunement lus ou g\u00e9r\u00e9s par le site. Ils peuvent \u00eatre utilis\u00e9s pour g\u00e9rer certaines fonctionnalit\u00e9s de tierces parties int\u00e9gr\u00e9es dans le site (ex. boutons de partage des r\u00e9seaux sociaux) ou \u00e0 des fins d\u2019identification.<\/li>\n<\/ul>\n<p>gtec-power.eu, conform\u00e9ment \u00e0 la r\u00e9glementation en vigueur en mati\u00e8re de garantie et de protection des donn\u00e9es personnelles,\u00a0<strong>aux sens de l\u2019art. 122 selon l&#8217;alin\u00e9a du D\u00e9cret L\u00e9gislatif 169\/2003<\/strong>\u00a0et suite aux modalit\u00e9s simplifi\u00e9es pour la note d\u2019information et l\u2019acquisition du consentement \u00e0 l\u2019utilisation des cookies, publi\u00e9e sur la Gazette Officielle <strong>n.126 du 3 juin 2014 et sur le registre des mesures n.229 relatif du 8 mai 2014<\/strong>, n\u2019est pas tenu de demander le consentement pour les cookies techniques \u00e9tant donn\u00e9 que ceux-ci sont indispensables pour fournir les services requis par l\u2019utilisateur.<\/p>\n<p>Toutefois, l\u2019utilisateur peut exprimer son consentement pour toutes les autres typologies \u00e0 travers une ou plusieurs de ces modalit\u00e9s:<\/p>\n<ul>\n<li><strong>Configurations sp\u00e9cifiques du logiciel de navigation<\/strong> utilis\u00e9 et\/ou des programmes informatiques relatifs utilis\u00e9s pour naviguer au travers des pages qui composent le site;<\/li>\n<li><strong>Modification des configurations <\/strong>\u00e0 travers l\u2019utilisation de services de tierces parties.<\/li>\n<\/ul>\n<p>Les deux solutions pourraient emp\u00eacher l\u2019utilisateur d\u2019afficher des parties du site ou rendre le site inutilisable.<\/p>\n<h2>Cookies utilis\u00e9s par gtec-power.eu<\/h2>\n<h3>Premi\u00e8res parties<\/h3>\n<table class=\"table\"><tr><th>Service<\/th><th>Description<\/th><th>Type<\/th><th>Policy<\/th><\/tr><tr><td>Gtec<\/td><td>Ensemble des cookies utilis\u00e9s pour que le site fonctionne correctement et pour la gestion des sessions.<\/td><td>Techniques<\/td><td>-<\/td><\/tr><tr><td>Google Analytics<\/td><td>Cookies install\u00e9s pour tracer les visites au site. Les donn\u00e9es agr\u00e9g\u00e9es sont envoy\u00e9es \u00e0 la plate-forme Google Analytics. Une fois que gtec-power.eu aura accept\u00e9 l\u2019utilisation des cookies, d\u2019autres donn\u00e9es concernant les pr\u00e9f\u00e9rences de navigation de l\u2019utilisation seront envoy\u00e9es.<\/td><td>Analytiques<\/td><td>Policy<\/td><\/tr><\/table>\n<h3>Tierces parties<\/h3>\n<table class=\"table\"><tr><th>Service<\/th><th>Description<\/th><th>Policy<\/th><\/tr><tr><td>Newrelic<\/td><td>Cookies de tierces parties install\u00e9s pour placer les prestations du site sous monitorage. Ces cookies sont install\u00e9s par les domaines docs.newrelic.com et bam.nr-data.net<\/td><td>Policy<\/td><\/tr><\/table>\n<h2>Comment d\u00e9sactiver les cookies?<\/h2>\n<h3>Google Chrome<\/h3>\n<ol>\n<li>Utiliser le logiciel de navigation Chrome<\/li>\n<li>Cliquer sur le menu pr\u00e9sent dans la barre des instruments du logiciel de navigation pr\u00e8s de la fen\u00eatre de saisie URL pour la navigation.<\/li>\n<li>S\u00e9lectionner <em>Configurations<\/em><\/li>\n<li>Cliquer sur <em>Montrer configurations avanc\u00e9es<\/em><\/li>\n<li>Dans la section &#8220;<em>Privacy&#8221;, cliquer sur le bouton Configurations contenus<\/em><\/li>\n<li>La section <em>Cookies <\/em>permet de modifier les configurations suivantes relatives aux cookies:\n<ul>\n<li>Permettre la sauvegarde des donn\u00e9es en local<\/li>\n<li>Modifier les donn\u00e9es locales jusqu\u2019\u00e0 la fermeture du logiciel de navigation<\/li>\n<li>Emp\u00eacher aux sites de configurer les cookies<\/li>\n<li>Bloquer les cookies de tierces parties et les donn\u00e9es des sites<\/li>\n<li>G\u00e9rer les exceptions pour certains sites internet<\/li>\n<li>\u00c9liminer un ou l\u2019ensemble des cookies<\/li>\n<\/ul>\n<\/li>\n<\/ol>\n<p>Pour plus d\u2019informations, allez \u00e0 la\u00a0<a href=\"https:\/\/support.google.com\/accounts\/answer\/61416?hl=it\">page consacr\u00e9e<\/a>.<\/p>\n<h3>Mozilla Firefox<\/h3>\n<ol>\n<li>Utiliser le logiciel de navigation Mozilla Firefox<\/li>\n<li>Cliquer sur le menu pr\u00e9sent dans la barre des instruments du logiciel de navigation pr\u00e8s de la fen\u00eatre de saisie URL pour la navigation.<\/li>\n<li>S\u00e9lectionner <em>Options<\/em><\/li>\n<li>S\u00e9lectionner le panneau <em>Privacy<\/em><\/li>\n<li>Cliquer sur <em>Montrer configurations avanc\u00e9es<\/em><\/li>\n<li>Dans la section <em>Privacy, cliquer sur le bouton Configurations contenus<\/em><\/li>\n<li>La section <em>Tra\u00e7age<\/em> permet de modifier les configurations suivantes relatives aux cookies:\n<ul>\n<li>Demander aux sites de n\u2019effectuer aucun tra\u00e7age<\/li>\n<li>Communiquer aux sites la disponibilit\u00e9 \u00e0 \u00eatre trac\u00e9<\/li>\n<li>Ne communiquer aucune pr\u00e9f\u00e9rence relative au tra\u00e7age des donn\u00e9es personnelles<\/li>\n<\/ul>\n<\/li>\n<li>La section <em>Chronologie<\/em> permet de:\n<ul>\n<li>S\u00e9lectionner d\u2019accepter les cookies de tierces parties et de les conserver pendant une p\u00e9riode d\u00e9termin\u00e9e (jusqu\u2019\u00e0 leur \u00e9ch\u00e9ance, jusqu\u2019\u00e0 la fermeture de Firefox ou en le demandant chaque fois), en activant <em>Utiliser configurations personnalis\u00e9es<\/em><\/li>\n<li>\u00c9liminer les cookies singuliers emmagasin\u00e9s<\/li>\n<\/ul>\n<\/li>\n<\/ol>\n<p>Pour plus d\u2019informations, allez \u00e0 la\u00a0<a href=\"https:\/\/support.mozilla.org\/it\/kb\/Activer%20et%20d\u00e9sactiver%20les%20cookies\">page consacr\u00e9e<\/a>.<\/p>\n<h3>Safari 6\/7<\/h3>\n<ol>\n<li>Utiliser le logiciel de navigation Safari<\/li>\n<li>Cliquer sur\u00a0<em>Safari<\/em>, s\u00e9lectionner\u00a0<em>Pr\u00e9f\u00e9rences<\/em> puis appuyer sur\u00a0<em>Privacy<\/em><\/li>\n<li>Dans la section <em>Bloquer Cookies,<\/em> sp\u00e9cifier la mani\u00e8re dont Safari doit accepter les cookies des sites internet<\/li>\n<li>Pour visionner les sites qui ont emmagasin\u00e9s les cookies, cliquer sur <em>D\u00e9tails<\/em><\/li>\n<\/ol>\n<p>Pour plus d\u2019informations, allez \u00e0 la\u00a0<a href=\"https:\/\/support.apple.com\/kb\/PH17191?viewlocale=it_IT&amp;locale=it_IT\">page consacr\u00e9e<\/a>.<\/p>\n<h3>Safari iOS (dispositifs Mobiles)<\/h3>\n<ol>\n<li>Utiliser le logiciel de navigation Safari iOS<\/li>\n<li>Cliquer sur <em>Configurations<\/em> puis sur <em>Safari<\/em><\/li>\n<li>Cliquer sur <em>Bloquer Cookies<\/em>puis choisir parmi les diff\u00e9rentes options:\n<ul>\n<li>Jamais<\/li>\n<li>De tierces parties et d\u2019annonceurs<\/li>\n<li>Toujours<\/li>\n<\/ul>\n<\/li>\n<li>Pour effacer tous les cookies emmagasin\u00e9s par Safari, cliquer sur <em>Configurations<\/em> puis sur <em>Safari<\/em> et, pour terminer, sur <em>Effacer Cookies et donn\u00e9es<\/em><\/li>\n<\/ol>\n<p>Pour plus d\u2019informations, allez \u00e0 la\u00a0<a href=\"https:\/\/support.apple.com\/it-it\/HT201265\">page consacr\u00e9e<\/a>.<\/p>\n","protected":false},"excerpt":{"rendered":"<p>gtec-power.eu ou \u201cLe Site\u201d, sur lequel vous naviguez, utilise des cookies afin de rendre ses propres services simples et fonctionnels pour l\u2019utilisateur. L\u2019utilisateur qui visionne le Site verra l\u2019introduction de quantit\u00e9s minimum d\u2019informations dans le dispositif en cours d\u2019utilisation, qu\u2019il s\u2019agisse d\u2019ordinateurs ou de dispositifs mobiles, constitu\u00e9es de petits fichiers de texte, ceux qu\u2019on appelle [&hellip;]<\/p>\n","protected":false},"author":7,"featured_media":0,"parent":0,"menu_order":0,"comment_status":"closed","ping_status":"closed","template":"","meta":{"_et_pb_use_builder":"","_et_pb_old_content":"","_et_gb_content_width":"","footnotes":""},"class_list":["post-8446","page","type-page","status-publish","hentry"],"yoast_head":"<!-- This site is optimized with the Yoast SEO plugin v26.5 - https:\/\/yoast.com\/wordpress\/plugins\/seo\/ -->\n<title>Note d\u2019information compl\u00e8te concernant l\u2019utilisation des cookies - Gtec<\/title>\n<meta name=\"robots\" content=\"noindex, nofollow\" \/>\n<meta property=\"og:locale\" content=\"fr_FR\" \/>\n<meta property=\"og:type\" content=\"article\" \/>\n<meta property=\"og:title\" content=\"Note d\u2019information compl\u00e8te concernant l\u2019utilisation des cookies - Gtec\" \/>\n<meta property=\"og:description\" content=\"gtec-power.eu ou \u201cLe Site\u201d, sur lequel vous naviguez, utilise des cookies afin de rendre ses propres services simples et fonctionnels pour l\u2019utilisateur. L\u2019utilisateur qui visionne le Site verra l\u2019introduction de quantit\u00e9s minimum d\u2019informations dans le dispositif en cours d\u2019utilisation, qu\u2019il s\u2019agisse d\u2019ordinateurs ou de dispositifs mobiles, constitu\u00e9es de petits fichiers de texte, ceux qu\u2019on appelle [&hellip;]\" \/>\n<meta property=\"og:url\" content=\"https:\/\/gtec-power.eu\/fr\/cookie-policy\/\" \/>\n<meta property=\"og:site_name\" content=\"Gtec\" \/>\n<meta property=\"article:modified_time\" content=\"2020-02-27T15:50:12+00:00\" \/>\n<meta name=\"twitter:card\" content=\"summary_large_image\" \/>\n<meta name=\"twitter:label1\" content=\"Est. reading time\" \/>\n\t<meta name=\"twitter:data1\" content=\"6 minutes\" \/>\n<script type=\"application\/ld+json\" class=\"yoast-schema-graph\">{\"@context\":\"https:\/\/schema.org\",\"@graph\":[{\"@type\":\"WebPage\",\"@id\":\"https:\/\/gtec-power.eu\/fr\/cookie-policy\/\",\"url\":\"https:\/\/gtec-power.eu\/fr\/cookie-policy\/\",\"name\":\"Note d\u2019information compl\u00e8te concernant l\u2019utilisation des cookies - Gtec\",\"isPartOf\":{\"@id\":\"https:\/\/gtec-power.eu\/#website\"},\"datePublished\":\"2015-11-13T09:50:16+00:00\",\"dateModified\":\"2020-02-27T15:50:12+00:00\",\"breadcrumb\":{\"@id\":\"https:\/\/gtec-power.eu\/fr\/cookie-policy\/#breadcrumb\"},\"inLanguage\":\"fr\",\"potentialAction\":[{\"@type\":\"ReadAction\",\"target\":[\"https:\/\/gtec-power.eu\/fr\/cookie-policy\/\"]}]},{\"@type\":\"BreadcrumbList\",\"@id\":\"https:\/\/gtec-power.eu\/fr\/cookie-policy\/#breadcrumb\",\"itemListElement\":[{\"@type\":\"ListItem\",\"position\":1,\"name\":\"Home\",\"item\":\"https:\/\/gtec-power.eu\/fr\/\"},{\"@type\":\"ListItem\",\"position\":2,\"name\":\"Note d\u2019information compl\u00e8te concernant l\u2019utilisation des cookies\"}]},{\"@type\":\"WebSite\",\"@id\":\"https:\/\/gtec-power.eu\/#website\",\"url\":\"https:\/\/gtec-power.eu\/\",\"name\":\"Gtec\",\"description\":\"Quality Energy Solutions\",\"potentialAction\":[{\"@type\":\"SearchAction\",\"target\":{\"@type\":\"EntryPoint\",\"urlTemplate\":\"https:\/\/gtec-power.eu\/?s={search_term_string}\"},\"query-input\":{\"@type\":\"PropertyValueSpecification\",\"valueRequired\":true,\"valueName\":\"search_term_string\"}}],\"inLanguage\":\"fr\"}]}<\/script>\n<!-- \/ Yoast SEO plugin. -->","yoast_head_json":{"title":"Note d\u2019information compl\u00e8te concernant l\u2019utilisation des cookies - Gtec","robots":{"index":"noindex","follow":"nofollow"},"og_locale":"fr_FR","og_type":"article","og_title":"Note d\u2019information compl\u00e8te concernant l\u2019utilisation des cookies - Gtec","og_description":"gtec-power.eu ou \u201cLe Site\u201d, sur lequel vous naviguez, utilise des cookies afin de rendre ses propres services simples et fonctionnels pour l\u2019utilisateur. L\u2019utilisateur qui visionne le Site verra l\u2019introduction de quantit\u00e9s minimum d\u2019informations dans le dispositif en cours d\u2019utilisation, qu\u2019il s\u2019agisse d\u2019ordinateurs ou de dispositifs mobiles, constitu\u00e9es de petits fichiers de texte, ceux qu\u2019on appelle [&hellip;]","og_url":"https:\/\/gtec-power.eu\/fr\/cookie-policy\/","og_site_name":"Gtec","article_modified_time":"2020-02-27T15:50:12+00:00","twitter_card":"summary_large_image","twitter_misc":{"Est. reading time":"6 minutes"},"schema":{"@context":"https:\/\/schema.org","@graph":[{"@type":"WebPage","@id":"https:\/\/gtec-power.eu\/fr\/cookie-policy\/","url":"https:\/\/gtec-power.eu\/fr\/cookie-policy\/","name":"Note d\u2019information compl\u00e8te concernant l\u2019utilisation des cookies - Gtec","isPartOf":{"@id":"https:\/\/gtec-power.eu\/#website"},"datePublished":"2015-11-13T09:50:16+00:00","dateModified":"2020-02-27T15:50:12+00:00","breadcrumb":{"@id":"https:\/\/gtec-power.eu\/fr\/cookie-policy\/#breadcrumb"},"inLanguage":"fr","potentialAction":[{"@type":"ReadAction","target":["https:\/\/gtec-power.eu\/fr\/cookie-policy\/"]}]},{"@type":"BreadcrumbList","@id":"https:\/\/gtec-power.eu\/fr\/cookie-policy\/#breadcrumb","itemListElement":[{"@type":"ListItem","position":1,"name":"Home","item":"https:\/\/gtec-power.eu\/fr\/"},{"@type":"ListItem","position":2,"name":"Note d\u2019information compl\u00e8te concernant l\u2019utilisation des cookies"}]},{"@type":"WebSite","@id":"https:\/\/gtec-power.eu\/#website","url":"https:\/\/gtec-power.eu\/","name":"Gtec","description":"Quality Energy Solutions","potentialAction":[{"@type":"SearchAction","target":{"@type":"EntryPoint","urlTemplate":"https:\/\/gtec-power.eu\/?s={search_term_string}"},"query-input":{"@type":"PropertyValueSpecification","valueRequired":true,"valueName":"search_term_string"}}],"inLanguage":"fr"}]}},"_links":{"self":[{"href":"https:\/\/gtec-power.eu\/fr\/wp-json\/wp\/v2\/pages\/8446","targetHints":{"allow":["GET"]}}],"collection":[{"href":"https:\/\/gtec-power.eu\/fr\/wp-json\/wp\/v2\/pages"}],"about":[{"href":"https:\/\/gtec-power.eu\/fr\/wp-json\/wp\/v2\/types\/page"}],"author":[{"embeddable":true,"href":"https:\/\/gtec-power.eu\/fr\/wp-json\/wp\/v2\/users\/7"}],"replies":[{"embeddable":true,"href":"https:\/\/gtec-power.eu\/fr\/wp-json\/wp\/v2\/comments?post=8446"}],"version-history":[{"count":3,"href":"https:\/\/gtec-power.eu\/fr\/wp-json\/wp\/v2\/pages\/8446\/revisions"}],"predecessor-version":[{"id":8448,"href":"https:\/\/gtec-power.eu\/fr\/wp-json\/wp\/v2\/pages\/8446\/revisions\/8448"}],"wp:attachment":[{"href":"https:\/\/gtec-power.eu\/fr\/wp-json\/wp\/v2\/media?parent=8446"}],"curies":[{"name":"wp","href":"https:\/\/api.w.org\/{rel}","templated":true}]}}