{"id":4646,"date":"2017-11-02T11:45:03","date_gmt":"2017-11-02T09:45:03","guid":{"rendered":"https:\/\/gtec-power.eu\/contacts-gtec-france\/vous-souhaitez-devenir-revendeur-gtec\/"},"modified":"2020-02-19T13:02:53","modified_gmt":"2020-02-19T11:02:53","slug":"vous-souhaitez-devenir-revendeur-gtec","status":"publish","type":"page","link":"https:\/\/gtec-power.eu\/fr\/contacts-gtec-france\/vous-souhaitez-devenir-revendeur-gtec\/","title":{"rendered":"Vous souhaitez devenir revendeur Gtec?"},"content":{"rendered":"<p>[et_pb_section admin_label=&#8221;Section&#8221; fullwidth=&#8221;on&#8221; specialty=&#8221;off&#8221;][et_pb_fullwidth_slider admin_label=&#8221;Fullwidth Slider&#8221; show_arrows=&#8221;on&#8221; show_pagination=&#8221;on&#8221; auto=&#8221;off&#8221; auto_ignore_hover=&#8221;off&#8221; parallax=&#8221;off&#8221; parallax_method=&#8221;off&#8221; remove_inner_shadow=&#8221;off&#8221; background_position=&#8221;default&#8221; background_size=&#8221;default&#8221; hide_content_on_mobile=&#8221;off&#8221; hide_cta_on_mobile=&#8221;off&#8221; show_image_video_mobile=&#8221;off&#8221; custom_button=&#8221;off&#8221; button_letter_spacing=&#8221;0&#8243; button_use_icon=&#8221;default&#8221; button_icon_placement=&#8221;right&#8221; button_on_hover=&#8221;on&#8221; button_letter_spacing_hover=&#8221;0&#8243;]<\/p>\n<p>[et_pb_slide heading=&#8221;Vous souhaitez devenir revendeur G-Tec?&#8221; background_position=&#8221;center&#8221; background_size=&#8221;default&#8221; use_bg_overlay=&#8221;off&#8221; use_text_overlay=&#8221;on&#8221; alignment=&#8221;center&#8221; background_layout=&#8221;dark&#8221; allow_player_pause=&#8221;off&#8221; text_border_radius=&#8221;3&#8243; header_font_select=&#8221;default&#8221; header_font=&#8221;||||&#8221; body_font_select=&#8221;default&#8221; body_font=&#8221;||||&#8221; custom_button=&#8221;off&#8221; button_font_select=&#8221;default&#8221; button_font=&#8221;||||&#8221; button_use_icon=&#8221;default&#8221; button_icon_placement=&#8221;right&#8221; button_on_hover=&#8221;on&#8221; background_image=&#8221;https:\/\/gtec-power.eu\/wp-content\/uploads\/2020\/02\/Slider-PROGRAMMA-RIVENDITORI.jpg&#8221; bg_overlay_color=&#8221;#1e73be&#8221; text_overlay_color=&#8221;rgba(0,0,0,0.7)&#8221; background_color=&#8221;#000000&#8243; image_alt=&#8221;programme revendeur gtec&#8221; header_font_size=&#8221;40&#8243; header_font_size_tablet=&#8221;40&#8243; header_font_size_phone=&#8221;40&#8243; header_text_color=&#8221;#2ad2c9&#8243; header_line_height=&#8221;1.2em&#8221; header_line_height_tablet=&#8221;1.2em&#8221; header_line_height_phone=&#8221;1.2em&#8221; body_font_size=&#8221;30&#8243; body_font_size_tablet=&#8221;30&#8243; body_font_size_phone=&#8221;30&#8243;]<\/p>\n<h2>Rejoindrez notre programme!<\/h2>\n<p>[\/et_pb_slide]<\/p>\n<p>[\/et_pb_fullwidth_slider][\/et_pb_section][et_pb_section admin_label=&#8221;Section&#8221; fullwidth=&#8221;off&#8221; specialty=&#8221;off&#8221;][et_pb_row admin_label=&#8221;Row&#8221;][et_pb_column type=&#8221;1_2&#8243;][et_pb_text admin_label=&#8221;Text&#8221; background_layout=&#8221;light&#8221; text_orientation=&#8221;left&#8221; use_border_color=&#8221;off&#8221; border_color=&#8221;#ffffff&#8221; border_style=&#8221;solid&#8221; text_text_color=&#8221;#ffffff&#8221; background_color=&#8221;#000000&#8243; custom_padding=&#8221;|20px||20px&#8221;]<\/p>\n\n<div class=\"wpcf7 no-js\" id=\"wpcf7-f4240-o1\" lang=\"it-IT\" dir=\"ltr\" data-wpcf7-id=\"4240\">\n<div class=\"screen-reader-response\"><p role=\"status\" aria-live=\"polite\" aria-atomic=\"true\"><\/p> <ul><\/ul><\/div>\n<form action=\"\/fr\/wp-json\/wp\/v2\/pages\/4646#wpcf7-f4240-o1\" method=\"post\" class=\"wpcf7-form init wpcf7-acceptance-as-validation\" aria-label=\"Contact form\" novalidate=\"novalidate\" data-status=\"init\">\n<fieldset class=\"hidden-fields-container\"><input type=\"hidden\" name=\"_wpcf7\" value=\"4240\" \/><input type=\"hidden\" name=\"_wpcf7_version\" value=\"6.1.4\" \/><input type=\"hidden\" name=\"_wpcf7_locale\" value=\"it_IT\" \/><input type=\"hidden\" name=\"_wpcf7_unit_tag\" value=\"wpcf7-f4240-o1\" \/><input type=\"hidden\" name=\"_wpcf7_container_post\" value=\"0\" \/><input type=\"hidden\" name=\"_wpcf7_posted_data_hash\" value=\"\" \/><input type=\"hidden\" name=\"_wpcf7_recaptcha_response\" value=\"\" \/>\n<\/fieldset>\n<p><span style=\"display:none\"><span class=\"wpcf7-form-control-wrap\" data-name=\"your-publicIp\"><input size=\"40\" maxlength=\"400\" class=\"wpcf7-form-control wpcf7-text\" id=\"publicip\" aria-invalid=\"false\" value=\"\" type=\"text\" name=\"your-publicIp\" \/><\/span><\/span><br \/>\n<label> Nom (requis)<br \/>\n<span class=\"wpcf7-form-control-wrap\" data-name=\"your-name\"><input size=\"40\" maxlength=\"400\" class=\"wpcf7-form-control wpcf7-text wpcf7-validates-as-required\" aria-required=\"true\" aria-invalid=\"false\" value=\"\" type=\"text\" name=\"your-name\" \/><\/span> <\/label>\n<\/p>\n<p><label> Email (requis)<br \/>\n<span class=\"wpcf7-form-control-wrap\" data-name=\"your-email\"><input size=\"40\" maxlength=\"400\" class=\"wpcf7-form-control wpcf7-email wpcf7-validates-as-required wpcf7-text wpcf7-validates-as-email\" aria-required=\"true\" aria-invalid=\"false\" value=\"\" type=\"email\" name=\"your-email\" \/><\/span> <\/label>\n<\/p>\n<p><label> Sujet (requis)<br \/>\n<span class=\"wpcf7-form-control-wrap\" data-name=\"menu-230\"><select class=\"wpcf7-form-control wpcf7-select wpcf7-validates-as-required\" aria-required=\"true\" aria-invalid=\"false\" name=\"menu-230\"><option value=\"Programma rivenditori\">Programma rivenditori<\/option><option value=\"Richiesta preventivo\">Richiesta preventivo<\/option><option value=\"Altro\">Altro<\/option><\/select><\/span> <\/label>\n<\/p>\n<p><label> Message<br \/>\n<span class=\"wpcf7-form-control-wrap\" data-name=\"your-message\"><textarea cols=\"40\" rows=\"10\" maxlength=\"2000\" class=\"wpcf7-form-control wpcf7-textarea\" aria-invalid=\"false\" name=\"your-message\"><\/textarea><\/span> <\/label><br \/>\n<label><span class=\"wpcf7-form-control-wrap\" data-name=\"acceptance-958\"><span class=\"wpcf7-form-control wpcf7-acceptance\"><span class=\"wpcf7-list-item\"><input type=\"checkbox\" name=\"acceptance-958\" value=\"1\" aria-invalid=\"false\" \/><\/span><\/span><\/span> ( requis ) J'ai lu la <a style=\"color:#0b6eb7;text-decoration:underline\" href=\"https:\/\/www.iubenda.com\/privacy-policy\/51115168\" title=\"politique de confidentialit\u00e9\">politique de confidentialit\u00e9<\/a> et j'autorise le traitement de mes donn\u00e9es personnelles.<\/label><br \/>\n<input class=\"wpcf7-form-control wpcf7-submit has-spinner\" type=\"submit\" value=\"envoyer\" \/><br \/>\n<script type=\"application\/javascript\">\n function getIP(json) {\n var c = ( json.ip);\n var publicip = document.getElementById(\"publicip\");\n publicip.value = c;\n }\n<\/script><br \/>\n<script type=\"application\/javascript\" src=\"https:\/\/api.ipify.org?format=jsonp&callback=getIP\"><\/script>\n<\/p><div class=\"wpcf7-response-output\" aria-hidden=\"true\"><\/div>\n<\/form>\n<\/div>\n\n<p>[\/et_pb_text][\/et_pb_column][et_pb_column type=&#8221;1_2&#8243;][et_pb_text admin_label=&#8221;Text&#8221; background_layout=&#8221;light&#8221; text_orientation=&#8221;left&#8221; use_border_color=&#8221;off&#8221; border_color=&#8221;#ffffff&#8221; border_style=&#8221;solid&#8221;]<\/p>\n<h1>Devenez revendeur Gtec, d\u00e9couvrez les advantages \u00e0 toi d\u00e9di\u00e9s<\/h1>\n<p><\/p>\n<p>Si vous \u00eates un \u00e9lectricien, un distributeur ou un installateur d&#8217;ordinateur et <strong>vous voulez inclure dans votre catalogue les produits Gtec<\/strong>, n&#8217;h\u00e9sitez pas \u00e0 nous contacter.<\/p>\n<p>Nous avons pens\u00e9 \u00e0 Vous!<\/p>\n<p>Nous avons pens\u00e9 et con\u00e7u un &#8220;contrat revendeur&#8221;et une <strong>grille tarifaire revendeur<\/strong>.<\/p>\n<p>Rejoindez notre programme revendeur en remplissant le formulaire ici \u00e0 cot\u00e8<\/p>\n<p>[\/et_pb_text][\/et_pb_column][\/et_pb_row][\/et_pb_section]<\/p>\n","protected":false},"excerpt":{"rendered":"<p>Rejoindrez notre programme! \n<div class=\"wpcf7 no-js\" id=\"wpcf7-f4240-o2\" lang=\"it-IT\" dir=\"ltr\" data-wpcf7-id=\"4240\">\n<div class=\"screen-reader-response\"><p role=\"status\" aria-live=\"polite\" aria-atomic=\"true\"><\/p> <ul><\/ul><\/div>\n<form action=\"\/fr\/wp-json\/wp\/v2\/pages\/4646#wpcf7-f4240-o2\" method=\"post\" class=\"wpcf7-form init wpcf7-acceptance-as-validation\" aria-label=\"Contact form\" novalidate=\"novalidate\" data-status=\"init\">\n<fieldset class=\"hidden-fields-container\"><input type=\"hidden\" name=\"_wpcf7\" value=\"4240\" \/><input type=\"hidden\" name=\"_wpcf7_version\" value=\"6.1.4\" \/><input type=\"hidden\" name=\"_wpcf7_locale\" value=\"it_IT\" \/><input type=\"hidden\" name=\"_wpcf7_unit_tag\" value=\"wpcf7-f4240-o2\" \/><input type=\"hidden\" name=\"_wpcf7_container_post\" value=\"0\" \/><input type=\"hidden\" name=\"_wpcf7_posted_data_hash\" value=\"\" \/><input type=\"hidden\" name=\"_wpcf7_recaptcha_response\" value=\"\" \/>\n<\/fieldset>\n<p><span style=\"display:none\"><span class=\"wpcf7-form-control-wrap\" data-name=\"your-publicIp\"><input size=\"40\" maxlength=\"400\" class=\"wpcf7-form-control wpcf7-text\" aria-invalid=\"false\" value=\"\" type=\"text\" name=\"your-publicIp\" \/><\/span><\/span><br \/>\n<label> Nom (requis)<br \/>\n<span class=\"wpcf7-form-control-wrap\" data-name=\"your-name\"><input size=\"40\" maxlength=\"400\" class=\"wpcf7-form-control wpcf7-text wpcf7-validates-as-required\" aria-required=\"true\" aria-invalid=\"false\" value=\"\" type=\"text\" name=\"your-name\" \/><\/span> <\/label>\n<\/p>\n<p><label> Email (requis)<br \/>\n<span class=\"wpcf7-form-control-wrap\" data-name=\"your-email\"><input size=\"40\" maxlength=\"400\" class=\"wpcf7-form-control wpcf7-email wpcf7-validates-as-required wpcf7-text wpcf7-validates-as-email\" aria-required=\"true\" aria-invalid=\"false\" value=\"\" type=\"email\" name=\"your-email\" \/><\/span> <\/label>\n<\/p>\n<p><label> Sujet (requis)<br \/>\n<span class=\"wpcf7-form-control-wrap\" data-name=\"menu-230\"><select class=\"wpcf7-form-control wpcf7-select wpcf7-validates-as-required\" aria-required=\"true\" aria-invalid=\"false\" name=\"menu-230\"><option value=\"Programma rivenditori\">Programma rivenditori<\/option><option value=\"Richiesta preventivo\">Richiesta preventivo<\/option><option value=\"Altro\">Altro<\/option><\/select><\/span> <\/label>\n<\/p>\n<p><label> Message<br \/>\n<span class=\"wpcf7-form-control-wrap\" data-name=\"your-message\"><textarea cols=\"40\" rows=\"10\" maxlength=\"2000\" class=\"wpcf7-form-control wpcf7-textarea\" aria-invalid=\"false\" name=\"your-message\"><\/textarea><\/span> <\/label><br \/>\n<label><span class=\"wpcf7-form-control-wrap\" data-name=\"acceptance-958\"><span class=\"wpcf7-form-control wpcf7-acceptance\"><span class=\"wpcf7-list-item\"><input type=\"checkbox\" name=\"acceptance-958\" value=\"1\" aria-invalid=\"false\" \/><\/span><\/span><\/span> ( requis ) J'ai lu la <a style=\"color:#0b6eb7;text-decoration:underline\" href=\"https:\/\/www.iubenda.com\/privacy-policy\/51115168\" title=\"politique de confidentialit\u00e9\">politique de confidentialit\u00e9<\/a> et j'autorise le traitement de mes donn\u00e9es personnelles.<\/label><br \/>\n<input class=\"wpcf7-form-control wpcf7-submit has-spinner\" type=\"submit\" value=\"envoyer\" \/><br \/>\n<script type=\"application\/javascript\">\n function getIP(json) {\n var c = ( json.ip);\n var publicip = document.getElementById(\"publicip\");\n publicip.value = c;\n }\n<\/script><br \/>\n<script type=\"application\/javascript\" src=\"https:\/\/api.ipify.org?format=jsonp&callback=getIP\"><\/script>\n<\/p><div class=\"wpcf7-response-output\" aria-hidden=\"true\"><\/div>\n<\/form>\n<\/div>\n Devenez revendeur Gtec, d\u00e9couvrez les advantages \u00e0 toi d\u00e9di\u00e9s Si vous \u00eates un \u00e9lectricien, un distributeur ou un installateur d&#8217;ordinateur et vous voulez inclure dans votre catalogue les produits Gtec, n&#8217;h\u00e9sitez pas \u00e0 nous contacter. Nous avons pens\u00e9 \u00e0 Vous! Nous avons pens\u00e9 et con\u00e7u un &#8220;contrat revendeur&#8221;et [&hellip;]<\/p>\n","protected":false},"author":7,"featured_media":0,"parent":2626,"menu_order":0,"comment_status":"closed","ping_status":"closed","template":"","meta":{"_et_pb_use_builder":"on","_et_pb_old_content":"","_et_gb_content_width":"","footnotes":""},"class_list":["post-4646","page","type-page","status-publish","hentry"],"yoast_head":"<!-- This site is optimized with the Yoast SEO plugin v26.5 - https:\/\/yoast.com\/wordpress\/plugins\/seo\/ -->\n<title>Programme revendeur ASI et G\u00e9n\u00e9rateurs secondaires Gtec!<\/title>\n<meta name=\"description\" content=\"Devenez revendeur Gtec et rejoindrez notre programme, prix et remises d\u00e9di\u00e9s. G\u00e9n\u00e9rateurs secondaires et ASI de derni\u00e8re g\u00e9n\u00e9ration.\" \/>\n<meta name=\"robots\" content=\"index, follow, max-snippet:-1, max-image-preview:large, max-video-preview:-1\" \/>\n<link rel=\"canonical\" href=\"https:\/\/gtec-power.eu\/fr\/contacts-gtec-france\/vous-souhaitez-devenir-revendeur-gtec\/\" \/>\n<meta property=\"og:locale\" content=\"fr_FR\" \/>\n<meta property=\"og:type\" content=\"article\" \/>\n<meta property=\"og:title\" content=\"Programme revendeur ASI et G\u00e9n\u00e9rateurs secondaires Gtec!\" \/>\n<meta property=\"og:description\" content=\"Devenez revendeur Gtec et rejoindrez notre programme, prix et remises d\u00e9di\u00e9s. G\u00e9n\u00e9rateurs secondaires et ASI de derni\u00e8re g\u00e9n\u00e9ration.\" \/>\n<meta property=\"og:url\" content=\"https:\/\/gtec-power.eu\/fr\/contacts-gtec-france\/vous-souhaitez-devenir-revendeur-gtec\/\" \/>\n<meta property=\"og:site_name\" content=\"Gtec\" \/>\n<meta property=\"article:modified_time\" content=\"2020-02-19T11:02:53+00:00\" \/>\n<meta name=\"twitter:card\" content=\"summary_large_image\" \/>\n<meta name=\"twitter:label1\" content=\"Est. reading time\" \/>\n\t<meta name=\"twitter:data1\" content=\"2 minutes\" \/>\n<script type=\"application\/ld+json\" class=\"yoast-schema-graph\">{\"@context\":\"https:\/\/schema.org\",\"@graph\":[{\"@type\":\"WebPage\",\"@id\":\"https:\/\/gtec-power.eu\/fr\/contacts-gtec-france\/vous-souhaitez-devenir-revendeur-gtec\/\",\"url\":\"https:\/\/gtec-power.eu\/fr\/contacts-gtec-france\/vous-souhaitez-devenir-revendeur-gtec\/\",\"name\":\"Programme revendeur ASI et G\u00e9n\u00e9rateurs secondaires Gtec!\",\"isPartOf\":{\"@id\":\"https:\/\/gtec-power.eu\/#website\"},\"datePublished\":\"2017-11-02T09:45:03+00:00\",\"dateModified\":\"2020-02-19T11:02:53+00:00\",\"description\":\"Devenez revendeur Gtec et rejoindrez notre programme, prix et remises d\u00e9di\u00e9s. G\u00e9n\u00e9rateurs secondaires et ASI de derni\u00e8re g\u00e9n\u00e9ration.\",\"breadcrumb\":{\"@id\":\"https:\/\/gtec-power.eu\/fr\/contacts-gtec-france\/vous-souhaitez-devenir-revendeur-gtec\/#breadcrumb\"},\"inLanguage\":\"fr\",\"potentialAction\":[{\"@type\":\"ReadAction\",\"target\":[\"https:\/\/gtec-power.eu\/fr\/contacts-gtec-france\/vous-souhaitez-devenir-revendeur-gtec\/\"]}]},{\"@type\":\"BreadcrumbList\",\"@id\":\"https:\/\/gtec-power.eu\/fr\/contacts-gtec-france\/vous-souhaitez-devenir-revendeur-gtec\/#breadcrumb\",\"itemListElement\":[{\"@type\":\"ListItem\",\"position\":1,\"name\":\"Home\",\"item\":\"https:\/\/gtec-power.eu\/fr\/\"},{\"@type\":\"ListItem\",\"position\":2,\"name\":\"Contacts Gtec France\",\"item\":\"https:\/\/gtec-power.eu\/fr\/contacts-gtec-france\/\"},{\"@type\":\"ListItem\",\"position\":3,\"name\":\"Vous souhaitez devenir revendeur Gtec?\"}]},{\"@type\":\"WebSite\",\"@id\":\"https:\/\/gtec-power.eu\/#website\",\"url\":\"https:\/\/gtec-power.eu\/\",\"name\":\"Gtec\",\"description\":\"Quality Energy Solutions\",\"potentialAction\":[{\"@type\":\"SearchAction\",\"target\":{\"@type\":\"EntryPoint\",\"urlTemplate\":\"https:\/\/gtec-power.eu\/?s={search_term_string}\"},\"query-input\":{\"@type\":\"PropertyValueSpecification\",\"valueRequired\":true,\"valueName\":\"search_term_string\"}}],\"inLanguage\":\"fr\"}]}<\/script>\n<!-- \/ Yoast SEO plugin. -->","yoast_head_json":{"title":"Programme revendeur ASI et G\u00e9n\u00e9rateurs secondaires Gtec!","description":"Devenez revendeur Gtec et rejoindrez notre programme, prix et remises d\u00e9di\u00e9s. G\u00e9n\u00e9rateurs secondaires et ASI de derni\u00e8re g\u00e9n\u00e9ration.","robots":{"index":"index","follow":"follow","max-snippet":"max-snippet:-1","max-image-preview":"max-image-preview:large","max-video-preview":"max-video-preview:-1"},"canonical":"https:\/\/gtec-power.eu\/fr\/contacts-gtec-france\/vous-souhaitez-devenir-revendeur-gtec\/","og_locale":"fr_FR","og_type":"article","og_title":"Programme revendeur ASI et G\u00e9n\u00e9rateurs secondaires Gtec!","og_description":"Devenez revendeur Gtec et rejoindrez notre programme, prix et remises d\u00e9di\u00e9s. G\u00e9n\u00e9rateurs secondaires et ASI de derni\u00e8re g\u00e9n\u00e9ration.","og_url":"https:\/\/gtec-power.eu\/fr\/contacts-gtec-france\/vous-souhaitez-devenir-revendeur-gtec\/","og_site_name":"Gtec","article_modified_time":"2020-02-19T11:02:53+00:00","twitter_card":"summary_large_image","twitter_misc":{"Est. reading time":"2 minutes"},"schema":{"@context":"https:\/\/schema.org","@graph":[{"@type":"WebPage","@id":"https:\/\/gtec-power.eu\/fr\/contacts-gtec-france\/vous-souhaitez-devenir-revendeur-gtec\/","url":"https:\/\/gtec-power.eu\/fr\/contacts-gtec-france\/vous-souhaitez-devenir-revendeur-gtec\/","name":"Programme revendeur ASI et G\u00e9n\u00e9rateurs secondaires Gtec!","isPartOf":{"@id":"https:\/\/gtec-power.eu\/#website"},"datePublished":"2017-11-02T09:45:03+00:00","dateModified":"2020-02-19T11:02:53+00:00","description":"Devenez revendeur Gtec et rejoindrez notre programme, prix et remises d\u00e9di\u00e9s. G\u00e9n\u00e9rateurs secondaires et ASI de derni\u00e8re g\u00e9n\u00e9ration.","breadcrumb":{"@id":"https:\/\/gtec-power.eu\/fr\/contacts-gtec-france\/vous-souhaitez-devenir-revendeur-gtec\/#breadcrumb"},"inLanguage":"fr","potentialAction":[{"@type":"ReadAction","target":["https:\/\/gtec-power.eu\/fr\/contacts-gtec-france\/vous-souhaitez-devenir-revendeur-gtec\/"]}]},{"@type":"BreadcrumbList","@id":"https:\/\/gtec-power.eu\/fr\/contacts-gtec-france\/vous-souhaitez-devenir-revendeur-gtec\/#breadcrumb","itemListElement":[{"@type":"ListItem","position":1,"name":"Home","item":"https:\/\/gtec-power.eu\/fr\/"},{"@type":"ListItem","position":2,"name":"Contacts Gtec France","item":"https:\/\/gtec-power.eu\/fr\/contacts-gtec-france\/"},{"@type":"ListItem","position":3,"name":"Vous souhaitez devenir revendeur Gtec?"}]},{"@type":"WebSite","@id":"https:\/\/gtec-power.eu\/#website","url":"https:\/\/gtec-power.eu\/","name":"Gtec","description":"Quality Energy Solutions","potentialAction":[{"@type":"SearchAction","target":{"@type":"EntryPoint","urlTemplate":"https:\/\/gtec-power.eu\/?s={search_term_string}"},"query-input":{"@type":"PropertyValueSpecification","valueRequired":true,"valueName":"search_term_string"}}],"inLanguage":"fr"}]}},"_links":{"self":[{"href":"https:\/\/gtec-power.eu\/fr\/wp-json\/wp\/v2\/pages\/4646","targetHints":{"allow":["GET"]}}],"collection":[{"href":"https:\/\/gtec-power.eu\/fr\/wp-json\/wp\/v2\/pages"}],"about":[{"href":"https:\/\/gtec-power.eu\/fr\/wp-json\/wp\/v2\/types\/page"}],"author":[{"embeddable":true,"href":"https:\/\/gtec-power.eu\/fr\/wp-json\/wp\/v2\/users\/7"}],"replies":[{"embeddable":true,"href":"https:\/\/gtec-power.eu\/fr\/wp-json\/wp\/v2\/comments?post=4646"}],"version-history":[{"count":9,"href":"https:\/\/gtec-power.eu\/fr\/wp-json\/wp\/v2\/pages\/4646\/revisions"}],"predecessor-version":[{"id":8358,"href":"https:\/\/gtec-power.eu\/fr\/wp-json\/wp\/v2\/pages\/4646\/revisions\/8358"}],"up":[{"embeddable":true,"href":"https:\/\/gtec-power.eu\/fr\/wp-json\/wp\/v2\/pages\/2626"}],"wp:attachment":[{"href":"https:\/\/gtec-power.eu\/fr\/wp-json\/wp\/v2\/media?parent=4646"}],"curies":[{"name":"wp","href":"https:\/\/api.w.org\/{rel}","templated":true}]}}