{"id":2682,"date":"2015-11-23T11:18:08","date_gmt":"2015-11-23T09:18:08","guid":{"rendered":"https:\/\/gtec-power.eu\/fr\/?page_id=2682"},"modified":"2017-06-22T16:51:41","modified_gmt":"2017-06-22T14:51:41","slug":"produits-industriels","status":"publish","type":"page","link":"https:\/\/gtec-power.eu\/fr\/produits-industriels\/","title":{"rendered":"Produits industriels pour les utilisations critiques"},"content":{"rendered":"<p>[et_pb_section admin_label=&#8221;section&#8221; background_color=&#8221;#132c47&#8243; inner_shadow=&#8221;off&#8221; parallax=&#8221;on&#8221;][et_pb_row admin_label=&#8221;row&#8221;][et_pb_column type=&#8221;4_4&#8243;][et_pb_divider admin_label=&#8221;Divider&#8221; color=&#8221;#ffffff&#8221; show_divider=&#8221;off&#8221; height=&#8221;60&#8243;]<\/p>\n<p>[\/et_pb_divider][et_pb_text admin_label=&#8221;Text&#8221; background_layout=&#8221;dark&#8221; text_orientation=&#8221;center&#8221; text_font_size=&#8221;14&#8243; use_border_color=&#8221;off&#8221; border_color=&#8221;#ffffff&#8221; border_style=&#8221;solid&#8221;]<\/p>\n<h1 style=\"font-size: 52px;\">Produits industriels pour les utilisations critiques<\/h1>\n<p>[\/et_pb_text][\/et_pb_column][\/et_pb_row][et_pb_row admin_label=&#8221;row&#8221;][et_pb_column type=&#8221;4_4&#8243;][et_pb_image admin_label=&#8221;Image&#8221; src=&#8221;https:\/\/gtec-power.eu\/wp-content\/uploads\/2015\/11\/ups-convertitori-inverter-impianti-critici.jpg&#8221; url_new_window=&#8221;off&#8221; animation=&#8221;bottom&#8221; show_in_lightbox=&#8221;off&#8221; alt=&#8221;UPS Industriels, convertisseurs DC\/AC&#8221; sticky=&#8221;off&#8221; align=&#8221;center&#8221; force_fullwidth=&#8221;off&#8221; always_center_on_mobile=&#8221;on&#8221; use_border_color=&#8221;off&#8221; border_color=&#8221;#ffffff&#8221; border_style=&#8221;solid&#8221;]<\/p>\n<p>[\/et_pb_image][\/et_pb_column][\/et_pb_row][et_pb_row admin_label=&#8221;row&#8221;][et_pb_column type=&#8221;1_4&#8243;][et_pb_blurb admin_label=&#8221;Convertitori AC\/DC&#8221; title=&#8221;Convertisseurs AC\/DC&#8221; url_new_window=&#8221;off&#8221; animation=&#8221;top&#8221; background_layout=&#8221;dark&#8221; text_orientation=&#8221;center&#8221; use_icon=&#8221;off&#8221; use_circle=&#8221;on&#8221; circle_color=&#8221;#0d2035&#8243; use_circle_border=&#8221;off&#8221; circle_border_color=&#8221;#2caaca&#8221; icon_placement=&#8221;top&#8221; font_icon=&#8221;\ue00e&#8221; icon_color=&#8221;#2ea3f2&#8243; use_icon_font_size=&#8221;off&#8221; header_font_size=&#8221;18&#8243; body_font_size=&#8221;14&#8243; use_border_color=&#8221;off&#8221; border_color=&#8221;#ffffff&#8221; border_style=&#8221;solid&#8221;]<\/p>\n<p>S\u00e9rie de 60 \u00e0\u00a01000 A<\/p>\n<p>[\/et_pb_blurb][\/et_pb_column][et_pb_column type=&#8221;1_4&#8243;][et_pb_blurb admin_label=&#8221;UPS Industriali&#8221; title=&#8221;UPS Industriels&#8221; url_new_window=&#8221;off&#8221; animation=&#8221;top&#8221; background_layout=&#8221;dark&#8221; text_orientation=&#8221;center&#8221; use_icon=&#8221;off&#8221; use_circle=&#8221;on&#8221; circle_color=&#8221;#0d2035&#8243; use_circle_border=&#8221;off&#8221; circle_border_color=&#8221;#2caaca&#8221; icon_placement=&#8221;top&#8221; font_icon=&#8221;\ue001&#8221; icon_color=&#8221;#2ad4e0&#8243; use_icon_font_size=&#8221;off&#8221; header_font_size=&#8221;18&#8243; body_font_size=&#8221;14&#8243; use_border_color=&#8221;off&#8221; border_color=&#8221;#ffffff&#8221; border_style=&#8221;solid&#8221;]<\/p>\n<p>S\u00e9rie 110 de 5kVA \u00e0\u00a050kVA<br \/>\nS\u00e9rie 220 de 5kVA \u00e0\u00a0100kVA<\/p>\n<p>[\/et_pb_blurb][\/et_pb_column][et_pb_column type=&#8221;1_4&#8243;][et_pb_blurb admin_label=&#8221;Inverter DC\/AC&#8221; title=&#8221;Convertisseurs DC\/AC&#8221; url_new_window=&#8221;off&#8221; animation=&#8221;top&#8221; background_layout=&#8221;dark&#8221; text_orientation=&#8221;center&#8221; use_icon=&#8221;off&#8221; icon_color=&#8221;#9633e8&#8243; use_circle=&#8221;on&#8221; circle_color=&#8221;#0d2035&#8243; use_circle_border=&#8221;off&#8221; circle_border_color=&#8221;#2caaca&#8221; icon_placement=&#8221;top&#8221; font_icon=&#8221;\ue0f5&#8221; use_icon_font_size=&#8221;off&#8221; header_font_size=&#8221;18&#8243; body_font_size=&#8221;14&#8243; use_border_color=&#8221;off&#8221; border_color=&#8221;#ffffff&#8221; border_style=&#8221;solid&#8221;]<\/p>\n<p>[\/et_pb_blurb][\/et_pb_column][et_pb_column type=&#8221;1_4&#8243;][et_pb_blurb admin_label=&#8221;Convertitori di frequenza&#8221; title=&#8221;Convertisseurs de fr\u00e9quence&#8221; url_new_window=&#8221;off&#8221; animation=&#8221;top&#8221; background_layout=&#8221;dark&#8221; text_orientation=&#8221;center&#8221; use_icon=&#8221;off&#8221; icon_color=&#8221;#d85fd6&#8243; use_circle=&#8221;on&#8221; circle_color=&#8221;#0d2035&#8243; use_circle_border=&#8221;off&#8221; circle_border_color=&#8221;#2caaca&#8221; icon_placement=&#8221;top&#8221; font_icon=&#8221;\ue0f8&#8221; use_icon_font_size=&#8221;off&#8221; header_font_size=&#8221;18&#8243; body_font_size=&#8221;14&#8243; use_border_color=&#8221;off&#8221; border_color=&#8221;#ffffff&#8221; border_style=&#8221;solid&#8221;]<\/p>\n<p>[\/et_pb_blurb][\/et_pb_column][\/et_pb_row][\/et_pb_section][et_pb_section admin_label=&#8221;section&#8221; fullwidth=&#8221;off&#8221; inner_shadow=&#8221;off&#8221; parallax=&#8221;off&#8221; module_id=&#8221;builder&#8221;][et_pb_row admin_label=&#8221;row&#8221;][et_pb_column type=&#8221;4_4&#8243;][et_pb_text admin_label=&#8221;Text&#8221; background_layout=&#8221;light&#8221; text_orientation=&#8221;left&#8221; text_font_size=&#8221;14&#8243; use_border_color=&#8221;off&#8221; border_color=&#8221;#ffffff&#8221; border_style=&#8221;solid&#8221;]<\/p>\n<h2>Produits industriels Gtec: convertisseurs de fr\u00e9quence, convertisseurs AC\/DC, UPS industriels, convertisseurs DC\/AC.<\/h2>\n<p>Convertisseurs AC \/ DC, UPS industriels, convertisseurs DC \/ AC, convertisseurs de fr\u00e9quence con\u00e7us pour les utilisations tr\u00e8s critiques telles que dans la chimie, p\u00e9trole et gaz, implantations industrielles et marine.<\/p>\n<p>Ils sont<strong> g\u00e9n\u00e9ralement fabriqu\u00e9s selon une demande sp\u00e9cifique du client<\/strong>.<\/p>\n<p>Pr\u00e9sentez votre projet \u00e0 notre service technique et nous vous apporterons une<strong> solution dans les plus brefs d\u00e9lais<\/strong>.<\/p>\n<p>Nous sommes en mesure de fournir:<\/p>\n<ul>\n<li>Proposition technique et \u00e9conomique<\/li>\n<li>Gestion de projet<\/li>\n<li>ing\u00e9nierie des syst\u00e8mes<\/li>\n<li>La documentation du projet<\/li>\n<li>Inspections en cours de fabrication chez le client<\/li>\n<li>Tests et remise de PV<\/li>\n<li>Supervision d\u2019installation, mise en service et formation dans le monde (des ing\u00e9nieurs pour les activit\u00e9s de services off-shore sous licence sont \u00e0 votre disposition)<\/li>\n<\/ul>\n<p>&nbsp;<\/p>\n<p>[\/et_pb_text][\/et_pb_column][\/et_pb_row][\/et_pb_section][et_pb_section admin_label=&#8221;section&#8221; fullwidth=&#8221;off&#8221; specialty=&#8221;off&#8221; background_color=&#8221;#283139&#8243; inner_shadow=&#8221;off&#8221; parallax=&#8221;off&#8221; module_id=&#8221;mobile&#8221; transparent_background=&#8221;off&#8221; allow_player_pause=&#8221;off&#8221; parallax_method=&#8221;off&#8221; padding_mobile=&#8221;off&#8221; make_fullwidth=&#8221;off&#8221; use_custom_width=&#8221;off&#8221; width_unit=&#8221;on&#8221; make_equal=&#8221;off&#8221; use_custom_gutter=&#8221;off&#8221;][et_pb_row admin_label=&#8221;Riga&#8221;][et_pb_column type=&#8221;2_3&#8243;][et_pb_text admin_label=&#8221;Testo&#8221; background_layout=&#8221;light&#8221; text_orientation=&#8221;left&#8221; use_border_color=&#8221;off&#8221; border_color=&#8221;#ffffff&#8221; border_style=&#8221;solid&#8221;]<\/p>\n\n<div class=\"wpcf7 no-js\" id=\"wpcf7-f4239-o1\" lang=\"it-IT\" dir=\"ltr\" data-wpcf7-id=\"4239\">\n<div class=\"screen-reader-response\"><p role=\"status\" aria-live=\"polite\" aria-atomic=\"true\"><\/p> <ul><\/ul><\/div>\n<form action=\"\/fr\/wp-json\/wp\/v2\/pages\/2682#wpcf7-f4239-o1\" method=\"post\" class=\"wpcf7-form init wpcf7-acceptance-as-validation\" aria-label=\"Contact form\" novalidate=\"novalidate\" data-status=\"init\">\n<fieldset class=\"hidden-fields-container\"><input type=\"hidden\" name=\"_wpcf7\" value=\"4239\" \/><input type=\"hidden\" name=\"_wpcf7_version\" value=\"6.1.4\" \/><input type=\"hidden\" name=\"_wpcf7_locale\" value=\"it_IT\" \/><input type=\"hidden\" name=\"_wpcf7_unit_tag\" value=\"wpcf7-f4239-o1\" \/><input type=\"hidden\" name=\"_wpcf7_container_post\" value=\"0\" \/><input type=\"hidden\" name=\"_wpcf7_posted_data_hash\" value=\"\" \/><input type=\"hidden\" name=\"_wpcf7_recaptcha_response\" value=\"\" \/>\n<\/fieldset>\n<p><span style=\"display:none\"><span class=\"wpcf7-form-control-wrap\" data-name=\"your-publicIp\"><input size=\"40\" maxlength=\"400\" class=\"wpcf7-form-control wpcf7-text\" id=\"publicip\" aria-invalid=\"false\" value=\"\" type=\"text\" name=\"your-publicIp\" \/><\/span><\/span><br \/>\n<label> Nom (requis)<br \/>\n<span class=\"wpcf7-form-control-wrap\" data-name=\"your-name\"><input size=\"40\" maxlength=\"400\" class=\"wpcf7-form-control wpcf7-text wpcf7-validates-as-required\" aria-required=\"true\" aria-invalid=\"false\" value=\"\" type=\"text\" name=\"your-name\" \/><\/span> <\/label>\n<\/p>\n<p><label> Email (requis)<br \/>\n<span class=\"wpcf7-form-control-wrap\" data-name=\"your-email\"><input size=\"40\" maxlength=\"400\" class=\"wpcf7-form-control wpcf7-email wpcf7-validates-as-required wpcf7-text wpcf7-validates-as-email\" aria-required=\"true\" aria-invalid=\"false\" value=\"\" type=\"email\" name=\"your-email\" \/><\/span> <\/label>\n<\/p>\n<p><label> sujet (requis)<br \/>\n<span class=\"wpcf7-form-control-wrap\" data-name=\"menu-230\"><select class=\"wpcf7-form-control wpcf7-select wpcf7-validates-as-required\" aria-required=\"true\" aria-invalid=\"false\" name=\"menu-230\"><option value=\"Richiedi un preventivo gratuito\">Richiedi un preventivo gratuito<\/option><option value=\"Altro\">Altro<\/option><\/select><\/span> <\/label>\n<\/p>\n<p><label> Message<br \/>\n<span class=\"wpcf7-form-control-wrap\" data-name=\"your-message\"><textarea cols=\"40\" rows=\"10\" maxlength=\"2000\" class=\"wpcf7-form-control wpcf7-textarea\" aria-invalid=\"false\" name=\"your-message\"><\/textarea><\/span> <\/label><br \/>\n<label><span class=\"wpcf7-form-control-wrap\" data-name=\"acceptance-958\"><span class=\"wpcf7-form-control wpcf7-acceptance\"><span class=\"wpcf7-list-item\"><input type=\"checkbox\" name=\"acceptance-958\" value=\"1\" aria-invalid=\"false\" \/><\/span><\/span><\/span> ( requis ) J'ai lu la <a style=\"color:#fff;text-decoration:underline\" href=\"https:\/\/www.iubenda.com\/privacy-policy\/51115168\" title=\"politique de confidentialit\u00e9\">politique de confidentialit\u00e9<\/a> et j'autorise le traitement de mes donn\u00e9es personnelles.<\/label><br \/>\n<input class=\"wpcf7-form-control wpcf7-submit has-spinner\" type=\"submit\" value=\"Envoyer\" \/><br \/>\n<script type=\"application\/javascript\">\n function getIP(json) {\n var c = ( json.ip);\n var publicip = document.getElementById(\"publicip\");\n publicip.value = c;\n }\n<\/script><br \/>\n<script type=\"application\/javascript\" src=\"https:\/\/api.ipify.org?format=jsonp&callback=getIP\"><\/script>\n<\/p>\n<style>\ninput.wpcf7-form-control.wpcf7-submit {\n border: 2px solid #fff;\n}\n<\/style><div class=\"wpcf7-response-output\" aria-hidden=\"true\"><\/div>\n<\/form>\n<\/div>\n\n<p>[\/et_pb_text][\/et_pb_column][et_pb_column type=&#8221;1_3&#8243;][et_pb_blurb admin_label=&#8221;Telefono&#8221; title=&#8221;Contactez-nous au 840 000 151&#8243; url=&#8221;tel:+39840000151&#8243; url_new_window=&#8221;off&#8221; use_icon=&#8221;on&#8221; font_icon=&#8221;%%264%%&#8221; icon_color=&#8221;#0b6eb7&#8243; use_circle=&#8221;off&#8221; circle_color=&#8221;#0b6eb7&#8243; use_circle_border=&#8221;off&#8221; circle_border_color=&#8221;#0b6eb7&#8243; icon_placement=&#8221;top&#8221; animation=&#8221;top&#8221; background_layout=&#8221;dark&#8221; text_orientation=&#8221;left&#8221; use_icon_font_size=&#8221;off&#8221; header_font_size=&#8221;18&#8243; body_font_size=&#8221;14&#8243; use_border_color=&#8221;off&#8221; border_color=&#8221;#ffffff&#8221; border_style=&#8221;solid&#8221;]<\/p>\n<p>Pr\u00e9sentez votre projet \u00e0 notre service technique et nous vous apporterons une<strong> solution dans les plus brefs d\u00e9lais<\/strong>.<\/p>\n<p>[\/et_pb_blurb][\/et_pb_column][\/et_pb_row][\/et_pb_section]<\/p>\n","protected":false},"excerpt":{"rendered":"<p>Gtec vend des produits industriels comme les convertisseurs AC \/ DC, Convertisseurs, UPS industrielle , onduleurs DC \/ AC pour les utilisations sp\u00e9cifique<\/p>\n","protected":false},"author":7,"featured_media":0,"parent":0,"menu_order":0,"comment_status":"closed","ping_status":"closed","template":"","meta":{"_et_pb_use_builder":"on","_et_pb_old_content":"","_et_gb_content_width":"","footnotes":""},"class_list":["post-2682","page","type-page","status-publish","hentry"],"yoast_head":"<!-- This site is optimized with the Yoast SEO plugin v26.5 - https:\/\/yoast.com\/wordpress\/plugins\/seo\/ -->\n<title>Produits industriels et convertisseurs de fr\u00e9quence |Gtec<\/title>\n<meta name=\"description\" content=\"Les produits industriels Gtec, convertisseurs de fr\u00e9quence, convertisseurs AC\/DC et UPS industriels, sont fabriqu\u00e9s selon une demande sp\u00e9cifique du client.\" \/>\n<meta name=\"robots\" content=\"index, follow, max-snippet:-1, max-image-preview:large, max-video-preview:-1\" \/>\n<link rel=\"canonical\" href=\"https:\/\/gtec-power.eu\/fr\/produits-industriels\/\" \/>\n<meta property=\"og:locale\" content=\"fr_FR\" \/>\n<meta property=\"og:type\" content=\"article\" \/>\n<meta property=\"og:title\" content=\"Produits industriels et convertisseurs de fr\u00e9quence |Gtec\" \/>\n<meta property=\"og:description\" content=\"Les produits industriels Gtec, convertisseurs de fr\u00e9quence, convertisseurs AC\/DC et UPS industriels, sont fabriqu\u00e9s selon une demande sp\u00e9cifique du client.\" \/>\n<meta property=\"og:url\" content=\"https:\/\/gtec-power.eu\/fr\/produits-industriels\/\" \/>\n<meta property=\"og:site_name\" content=\"Gtec\" \/>\n<meta property=\"article:modified_time\" content=\"2017-06-22T14:51:41+00:00\" \/>\n<meta name=\"twitter:card\" content=\"summary_large_image\" \/>\n<meta name=\"twitter:label1\" content=\"Est. reading time\" \/>\n\t<meta name=\"twitter:data1\" content=\"5 minutes\" \/>\n<script type=\"application\/ld+json\" class=\"yoast-schema-graph\">{\"@context\":\"https:\/\/schema.org\",\"@graph\":[{\"@type\":\"WebPage\",\"@id\":\"https:\/\/gtec-power.eu\/fr\/produits-industriels\/\",\"url\":\"https:\/\/gtec-power.eu\/fr\/produits-industriels\/\",\"name\":\"Produits industriels et convertisseurs de fr\u00e9quence |Gtec\",\"isPartOf\":{\"@id\":\"https:\/\/gtec-power.eu\/#website\"},\"datePublished\":\"2015-11-23T09:18:08+00:00\",\"dateModified\":\"2017-06-22T14:51:41+00:00\",\"description\":\"Les produits industriels Gtec, convertisseurs de fr\u00e9quence, convertisseurs AC\/DC et UPS industriels, sont fabriqu\u00e9s selon une demande sp\u00e9cifique du client.\",\"breadcrumb\":{\"@id\":\"https:\/\/gtec-power.eu\/fr\/produits-industriels\/#breadcrumb\"},\"inLanguage\":\"fr\",\"potentialAction\":[{\"@type\":\"ReadAction\",\"target\":[\"https:\/\/gtec-power.eu\/fr\/produits-industriels\/\"]}]},{\"@type\":\"BreadcrumbList\",\"@id\":\"https:\/\/gtec-power.eu\/fr\/produits-industriels\/#breadcrumb\",\"itemListElement\":[{\"@type\":\"ListItem\",\"position\":1,\"name\":\"Home\",\"item\":\"https:\/\/gtec-power.eu\/fr\/\"},{\"@type\":\"ListItem\",\"position\":2,\"name\":\"Produits industriels pour les utilisations critiques\"}]},{\"@type\":\"WebSite\",\"@id\":\"https:\/\/gtec-power.eu\/#website\",\"url\":\"https:\/\/gtec-power.eu\/\",\"name\":\"Gtec\",\"description\":\"Quality Energy Solutions\",\"potentialAction\":[{\"@type\":\"SearchAction\",\"target\":{\"@type\":\"EntryPoint\",\"urlTemplate\":\"https:\/\/gtec-power.eu\/?s={search_term_string}\"},\"query-input\":{\"@type\":\"PropertyValueSpecification\",\"valueRequired\":true,\"valueName\":\"search_term_string\"}}],\"inLanguage\":\"fr\"}]}<\/script>\n<!-- \/ Yoast SEO plugin. -->","yoast_head_json":{"title":"Produits industriels et convertisseurs de fr\u00e9quence |Gtec","description":"Les produits industriels Gtec, convertisseurs de fr\u00e9quence, convertisseurs AC\/DC et UPS industriels, sont fabriqu\u00e9s selon une demande sp\u00e9cifique du client.","robots":{"index":"index","follow":"follow","max-snippet":"max-snippet:-1","max-image-preview":"max-image-preview:large","max-video-preview":"max-video-preview:-1"},"canonical":"https:\/\/gtec-power.eu\/fr\/produits-industriels\/","og_locale":"fr_FR","og_type":"article","og_title":"Produits industriels et convertisseurs de fr\u00e9quence |Gtec","og_description":"Les produits industriels Gtec, convertisseurs de fr\u00e9quence, convertisseurs AC\/DC et UPS industriels, sont fabriqu\u00e9s selon une demande sp\u00e9cifique du client.","og_url":"https:\/\/gtec-power.eu\/fr\/produits-industriels\/","og_site_name":"Gtec","article_modified_time":"2017-06-22T14:51:41+00:00","twitter_card":"summary_large_image","twitter_misc":{"Est. reading time":"5 minutes"},"schema":{"@context":"https:\/\/schema.org","@graph":[{"@type":"WebPage","@id":"https:\/\/gtec-power.eu\/fr\/produits-industriels\/","url":"https:\/\/gtec-power.eu\/fr\/produits-industriels\/","name":"Produits industriels et convertisseurs de fr\u00e9quence |Gtec","isPartOf":{"@id":"https:\/\/gtec-power.eu\/#website"},"datePublished":"2015-11-23T09:18:08+00:00","dateModified":"2017-06-22T14:51:41+00:00","description":"Les produits industriels Gtec, convertisseurs de fr\u00e9quence, convertisseurs AC\/DC et UPS industriels, sont fabriqu\u00e9s selon une demande sp\u00e9cifique du client.","breadcrumb":{"@id":"https:\/\/gtec-power.eu\/fr\/produits-industriels\/#breadcrumb"},"inLanguage":"fr","potentialAction":[{"@type":"ReadAction","target":["https:\/\/gtec-power.eu\/fr\/produits-industriels\/"]}]},{"@type":"BreadcrumbList","@id":"https:\/\/gtec-power.eu\/fr\/produits-industriels\/#breadcrumb","itemListElement":[{"@type":"ListItem","position":1,"name":"Home","item":"https:\/\/gtec-power.eu\/fr\/"},{"@type":"ListItem","position":2,"name":"Produits industriels pour les utilisations critiques"}]},{"@type":"WebSite","@id":"https:\/\/gtec-power.eu\/#website","url":"https:\/\/gtec-power.eu\/","name":"Gtec","description":"Quality Energy Solutions","potentialAction":[{"@type":"SearchAction","target":{"@type":"EntryPoint","urlTemplate":"https:\/\/gtec-power.eu\/?s={search_term_string}"},"query-input":{"@type":"PropertyValueSpecification","valueRequired":true,"valueName":"search_term_string"}}],"inLanguage":"fr"}]}},"_links":{"self":[{"href":"https:\/\/gtec-power.eu\/fr\/wp-json\/wp\/v2\/pages\/2682","targetHints":{"allow":["GET"]}}],"collection":[{"href":"https:\/\/gtec-power.eu\/fr\/wp-json\/wp\/v2\/pages"}],"about":[{"href":"https:\/\/gtec-power.eu\/fr\/wp-json\/wp\/v2\/types\/page"}],"author":[{"embeddable":true,"href":"https:\/\/gtec-power.eu\/fr\/wp-json\/wp\/v2\/users\/7"}],"replies":[{"embeddable":true,"href":"https:\/\/gtec-power.eu\/fr\/wp-json\/wp\/v2\/comments?post=2682"}],"version-history":[{"count":6,"href":"https:\/\/gtec-power.eu\/fr\/wp-json\/wp\/v2\/pages\/2682\/revisions"}],"predecessor-version":[{"id":4252,"href":"https:\/\/gtec-power.eu\/fr\/wp-json\/wp\/v2\/pages\/2682\/revisions\/4252"}],"wp:attachment":[{"href":"https:\/\/gtec-power.eu\/fr\/wp-json\/wp\/v2\/media?parent=2682"}],"curies":[{"name":"wp","href":"https:\/\/api.w.org\/{rel}","templated":true}]}}