{"id":2626,"date":"2015-11-17T18:09:06","date_gmt":"2015-11-17T16:09:06","guid":{"rendered":"https:\/\/gtec-power.eu\/fr\/?page_id=2626"},"modified":"2025-08-04T17:12:39","modified_gmt":"2025-08-04T15:12:39","slug":"contacts-gtec-france","status":"publish","type":"page","link":"https:\/\/gtec-power.eu\/fr\/contacts-gtec-france\/","title":{"rendered":"Contacts Gtec France"},"content":{"rendered":"<p>[et_pb_section admin_label=&#8221;section&#8221; transparent_background=&#8221;off&#8221; allow_player_pause=&#8221;off&#8221; inner_shadow=&#8221;off&#8221; parallax=&#8221;off&#8221; parallax_method=&#8221;on&#8221; make_fullwidth=&#8221;off&#8221; use_custom_width=&#8221;off&#8221; width_unit=&#8221;off&#8221; custom_width_px=&#8221;1080px&#8221; custom_width_percent=&#8221;80%&#8221; make_equal=&#8221;off&#8221; use_custom_gutter=&#8221;off&#8221; fullwidth=&#8221;on&#8221; specialty=&#8221;off&#8221; disabled=&#8221;off&#8221;][et_pb_fullwidth_header admin_label=&#8221;Fullwidth Header&#8221; title=&#8221;CONTACTS&#8221; subhead=&#8221;S&#8217;il vous pla\u00eet nous contacter en utilisant le formulaire ci-dessous&#8221; background_layout=&#8221;light&#8221; text_orientation=&#8221;center&#8221; header_fullscreen=&#8221;off&#8221; header_scroll_down=&#8221;off&#8221; scroll_down_icon=&#8221;;&#8221; parallax=&#8221;off&#8221; parallax_method=&#8221;off&#8221; content_orientation=&#8221;center&#8221; image_orientation=&#8221;center&#8221;]<\/p>\n<p>&nbsp;<\/p>\n<p>[\/et_pb_fullwidth_header][\/et_pb_section][et_pb_section admin_label=&#8221;section&#8221; transparent_background=&#8221;off&#8221; allow_player_pause=&#8221;off&#8221; inner_shadow=&#8221;off&#8221; parallax=&#8221;off&#8221; parallax_method=&#8221;on&#8221; make_fullwidth=&#8221;off&#8221; use_custom_width=&#8221;off&#8221; width_unit=&#8221;off&#8221; custom_width_px=&#8221;1080px&#8221; custom_width_percent=&#8221;80%&#8221; make_equal=&#8221;off&#8221; use_custom_gutter=&#8221;off&#8221; fullwidth=&#8221;off&#8221; specialty=&#8221;off&#8221; disabled=&#8221;off&#8221;][et_pb_row admin_label=&#8221;row&#8221; make_fullwidth=&#8221;off&#8221; use_custom_width=&#8221;off&#8221; width_unit=&#8221;off&#8221; custom_width_px=&#8221;1080px&#8221; custom_width_percent=&#8221;80%&#8221; use_custom_gutter=&#8221;off&#8221; gutter_width=&#8221;3&#8243; allow_player_pause=&#8221;off&#8221; parallax=&#8221;off&#8221; parallax_method=&#8221;on&#8221; make_equal=&#8221;off&#8221; parallax_1=&#8221;off&#8221; parallax_method_1=&#8221;on&#8221; parallax_2=&#8221;off&#8221; parallax_method_2=&#8221;on&#8221; parallax_3=&#8221;off&#8221; parallax_method_3=&#8221;on&#8221; parallax_4=&#8221;off&#8221; parallax_method_4=&#8221;on&#8221; disabled=&#8221;off&#8221;][et_pb_column type=&#8221;2_3&#8243;][et_pb_text admin_label=&#8221;Testo&#8221; background_layout=&#8221;light&#8221; text_orientation=&#8221;left&#8221; use_border_color=&#8221;off&#8221; border_style=&#8221;solid&#8221; disabled=&#8221;off&#8221; text_text_color=&#8221;#ffffff&#8221; background_color=&#8221;#000000&#8243; border_color=&#8221;#ffffff&#8221; custom_padding=&#8221;|20px||20px&#8221;]<\/p>\n\n<div class=\"wpcf7 no-js\" id=\"wpcf7-f4240-o1\" lang=\"it-IT\" dir=\"ltr\" data-wpcf7-id=\"4240\">\n<div class=\"screen-reader-response\"><p role=\"status\" aria-live=\"polite\" aria-atomic=\"true\"><\/p> <ul><\/ul><\/div>\n<form action=\"\/fr\/wp-json\/wp\/v2\/pages\/2626#wpcf7-f4240-o1\" method=\"post\" class=\"wpcf7-form init wpcf7-acceptance-as-validation\" aria-label=\"Contact form\" novalidate=\"novalidate\" data-status=\"init\">\n<fieldset class=\"hidden-fields-container\"><input type=\"hidden\" name=\"_wpcf7\" value=\"4240\" \/><input type=\"hidden\" name=\"_wpcf7_version\" value=\"6.1.4\" \/><input type=\"hidden\" name=\"_wpcf7_locale\" value=\"it_IT\" \/><input type=\"hidden\" name=\"_wpcf7_unit_tag\" value=\"wpcf7-f4240-o1\" \/><input type=\"hidden\" name=\"_wpcf7_container_post\" value=\"0\" \/><input type=\"hidden\" name=\"_wpcf7_posted_data_hash\" value=\"\" \/><input type=\"hidden\" name=\"_wpcf7_recaptcha_response\" value=\"\" \/>\n<\/fieldset>\n<p><span style=\"display:none\"><span class=\"wpcf7-form-control-wrap\" data-name=\"your-publicIp\"><input size=\"40\" maxlength=\"400\" class=\"wpcf7-form-control wpcf7-text\" id=\"publicip\" aria-invalid=\"false\" value=\"\" type=\"text\" name=\"your-publicIp\" \/><\/span><\/span><br \/>\n<label> Nom (requis)<br \/>\n<span class=\"wpcf7-form-control-wrap\" data-name=\"your-name\"><input size=\"40\" maxlength=\"400\" class=\"wpcf7-form-control wpcf7-text wpcf7-validates-as-required\" aria-required=\"true\" aria-invalid=\"false\" value=\"\" type=\"text\" name=\"your-name\" \/><\/span> <\/label>\n<\/p>\n<p><label> Email (requis)<br \/>\n<span class=\"wpcf7-form-control-wrap\" data-name=\"your-email\"><input size=\"40\" maxlength=\"400\" class=\"wpcf7-form-control wpcf7-email wpcf7-validates-as-required wpcf7-text wpcf7-validates-as-email\" aria-required=\"true\" aria-invalid=\"false\" value=\"\" type=\"email\" name=\"your-email\" \/><\/span> <\/label>\n<\/p>\n<p><label> Sujet (requis)<br \/>\n<span class=\"wpcf7-form-control-wrap\" data-name=\"menu-230\"><select class=\"wpcf7-form-control wpcf7-select wpcf7-validates-as-required\" aria-required=\"true\" aria-invalid=\"false\" name=\"menu-230\"><option value=\"Programma rivenditori\">Programma rivenditori<\/option><option value=\"Richiesta preventivo\">Richiesta preventivo<\/option><option value=\"Altro\">Altro<\/option><\/select><\/span> <\/label>\n<\/p>\n<p><label> Message<br \/>\n<span class=\"wpcf7-form-control-wrap\" data-name=\"your-message\"><textarea cols=\"40\" rows=\"10\" maxlength=\"2000\" class=\"wpcf7-form-control wpcf7-textarea\" aria-invalid=\"false\" name=\"your-message\"><\/textarea><\/span> <\/label><br \/>\n<label><span class=\"wpcf7-form-control-wrap\" data-name=\"acceptance-958\"><span class=\"wpcf7-form-control wpcf7-acceptance\"><span class=\"wpcf7-list-item\"><input type=\"checkbox\" name=\"acceptance-958\" value=\"1\" aria-invalid=\"false\" \/><\/span><\/span><\/span> ( requis ) J'ai lu la <a style=\"color:#0b6eb7;text-decoration:underline\" href=\"https:\/\/www.iubenda.com\/privacy-policy\/51115168\" title=\"politique de confidentialit\u00e9\">politique de confidentialit\u00e9<\/a> et j'autorise le traitement de mes donn\u00e9es personnelles.<\/label><br \/>\n<input class=\"wpcf7-form-control wpcf7-submit has-spinner\" type=\"submit\" value=\"envoyer\" \/><br \/>\n<script type=\"application\/javascript\">\n function getIP(json) {\n var c = ( json.ip);\n var publicip = document.getElementById(\"publicip\");\n publicip.value = c;\n }\n<\/script><br \/>\n<script type=\"application\/javascript\" src=\"https:\/\/api.ipify.org?format=jsonp&callback=getIP\"><\/script>\n<\/p><div class=\"wpcf7-response-output\" aria-hidden=\"true\"><\/div>\n<\/form>\n<\/div>\n\n<p>[\/et_pb_text][\/et_pb_column][et_pb_column type=&#8221;1_3&#8243;][et_pb_text admin_label=&#8221;Text&#8221; background_layout=&#8221;light&#8221; text_orientation=&#8221;left&#8221; use_border_color=&#8221;off&#8221; border_style=&#8221;solid&#8221; disabled=&#8221;off&#8221; border_color=&#8221;#ffffff&#8221;]<\/p>\n<h3>G-Tec Europe Srl<\/h3>\n<p><strong>Adresse: <\/strong>Strada Marosticana 81\/13<br \/>\n36031 Povolaro di Dueville (VI) Italy<\/p>\n<p><strong>Num\u00e9ro de TVA: <\/strong>03185600248<\/p>\n<p><strong>T\u00e9l\u00e9phone:<\/strong> +39 0444 361321<\/p>\n<p><strong>E-mail:<\/strong> info@gtec-power.eu<\/p>\n<p>[\/et_pb_text][\/et_pb_column][\/et_pb_row][\/et_pb_section][et_pb_section admin_label=&#8221;section&#8221; transparent_background=&#8221;off&#8221; allow_player_pause=&#8221;off&#8221; inner_shadow=&#8221;off&#8221; parallax=&#8221;off&#8221; parallax_method=&#8221;on&#8221; make_fullwidth=&#8221;off&#8221; use_custom_width=&#8221;off&#8221; width_unit=&#8221;off&#8221; custom_width_px=&#8221;1080px&#8221; custom_width_percent=&#8221;80%&#8221; make_equal=&#8221;off&#8221; use_custom_gutter=&#8221;off&#8221; fullwidth=&#8221;on&#8221; specialty=&#8221;off&#8221; disabled=&#8221;off&#8221;][et_pb_fullwidth_map admin_label=&#8221;Fullwidth Map&#8221; address=&#8221;39 Rue Servient, 69003 Lyon, Francia&#8221; zoom_level=&#8221;4&#8243; address_lat=&#8221;46.60922009385534&#8243; address_lng=&#8221;12.778517792966442&#8243; mouse_wheel=&#8221;off&#8221; mobile_dragging=&#8221;on&#8221; disabled=&#8221;off&#8221;]<\/p>\n<p>[et_pb_map_pin title=&#8221;GTec France&#8221; pin_address=&#8221;39 Rue Servient, 69003 Lyon, Francia&#8221; pin_address_lat=&#8221;45.7603123&#8243; pin_address_lng=&#8221;4.845045099999993&#8243; disabled=&#8221;off&#8221;] [\/et_pb_map_pin]<\/p>\n<p>[\/et_pb_fullwidth_map][\/et_pb_section]<\/p>\n","protected":false},"excerpt":{"rendered":"<p>&nbsp; \n<div class=\"wpcf7 no-js\" id=\"wpcf7-f4240-o2\" lang=\"it-IT\" dir=\"ltr\" data-wpcf7-id=\"4240\">\n<div class=\"screen-reader-response\"><p role=\"status\" aria-live=\"polite\" aria-atomic=\"true\"><\/p> <ul><\/ul><\/div>\n<form action=\"\/fr\/wp-json\/wp\/v2\/pages\/2626#wpcf7-f4240-o2\" method=\"post\" class=\"wpcf7-form init wpcf7-acceptance-as-validation\" aria-label=\"Contact form\" novalidate=\"novalidate\" data-status=\"init\">\n<fieldset class=\"hidden-fields-container\"><input type=\"hidden\" name=\"_wpcf7\" value=\"4240\" \/><input type=\"hidden\" name=\"_wpcf7_version\" value=\"6.1.4\" \/><input type=\"hidden\" name=\"_wpcf7_locale\" value=\"it_IT\" \/><input type=\"hidden\" name=\"_wpcf7_unit_tag\" value=\"wpcf7-f4240-o2\" \/><input type=\"hidden\" name=\"_wpcf7_container_post\" value=\"0\" \/><input type=\"hidden\" name=\"_wpcf7_posted_data_hash\" value=\"\" \/><input type=\"hidden\" name=\"_wpcf7_recaptcha_response\" value=\"\" \/>\n<\/fieldset>\n<p><span style=\"display:none\"><span class=\"wpcf7-form-control-wrap\" data-name=\"your-publicIp\"><input size=\"40\" maxlength=\"400\" class=\"wpcf7-form-control wpcf7-text\" aria-invalid=\"false\" value=\"\" type=\"text\" name=\"your-publicIp\" \/><\/span><\/span><br \/>\n<label> Nom (requis)<br \/>\n<span class=\"wpcf7-form-control-wrap\" data-name=\"your-name\"><input size=\"40\" maxlength=\"400\" class=\"wpcf7-form-control wpcf7-text wpcf7-validates-as-required\" aria-required=\"true\" aria-invalid=\"false\" value=\"\" type=\"text\" name=\"your-name\" \/><\/span> <\/label>\n<\/p>\n<p><label> Email (requis)<br \/>\n<span class=\"wpcf7-form-control-wrap\" data-name=\"your-email\"><input size=\"40\" maxlength=\"400\" class=\"wpcf7-form-control wpcf7-email wpcf7-validates-as-required wpcf7-text wpcf7-validates-as-email\" aria-required=\"true\" aria-invalid=\"false\" value=\"\" type=\"email\" name=\"your-email\" \/><\/span> <\/label>\n<\/p>\n<p><label> Sujet (requis)<br \/>\n<span class=\"wpcf7-form-control-wrap\" data-name=\"menu-230\"><select class=\"wpcf7-form-control wpcf7-select wpcf7-validates-as-required\" aria-required=\"true\" aria-invalid=\"false\" name=\"menu-230\"><option value=\"Programma rivenditori\">Programma rivenditori<\/option><option value=\"Richiesta preventivo\">Richiesta preventivo<\/option><option value=\"Altro\">Altro<\/option><\/select><\/span> <\/label>\n<\/p>\n<p><label> Message<br \/>\n<span class=\"wpcf7-form-control-wrap\" data-name=\"your-message\"><textarea cols=\"40\" rows=\"10\" maxlength=\"2000\" class=\"wpcf7-form-control wpcf7-textarea\" aria-invalid=\"false\" name=\"your-message\"><\/textarea><\/span> <\/label><br \/>\n<label><span class=\"wpcf7-form-control-wrap\" data-name=\"acceptance-958\"><span class=\"wpcf7-form-control wpcf7-acceptance\"><span class=\"wpcf7-list-item\"><input type=\"checkbox\" name=\"acceptance-958\" value=\"1\" aria-invalid=\"false\" \/><\/span><\/span><\/span> ( requis ) J'ai lu la <a style=\"color:#0b6eb7;text-decoration:underline\" href=\"https:\/\/www.iubenda.com\/privacy-policy\/51115168\" title=\"politique de confidentialit\u00e9\">politique de confidentialit\u00e9<\/a> et j'autorise le traitement de mes donn\u00e9es personnelles.<\/label><br \/>\n<input class=\"wpcf7-form-control wpcf7-submit has-spinner\" type=\"submit\" value=\"envoyer\" \/><br \/>\n<script type=\"application\/javascript\">\n function getIP(json) {\n var c = ( json.ip);\n var publicip = document.getElementById(\"publicip\");\n publicip.value = c;\n }\n<\/script><br \/>\n<script type=\"application\/javascript\" src=\"https:\/\/api.ipify.org?format=jsonp&callback=getIP\"><\/script>\n<\/p><div class=\"wpcf7-response-output\" aria-hidden=\"true\"><\/div>\n<\/form>\n<\/div>\n G-Tec Europe Srl Adresse: Strada Marosticana 81\/13 36031 Povolaro di Dueville (VI) Italy Num\u00e9ro de TVA: 03185600248 T\u00e9l\u00e9phone: +39 0444 361321 E-mail: info@gtec-power.eu<\/p>\n","protected":false},"author":7,"featured_media":0,"parent":0,"menu_order":0,"comment_status":"closed","ping_status":"closed","template":"","meta":{"_et_pb_use_builder":"on","_et_pb_old_content":"","_et_gb_content_width":"","footnotes":""},"class_list":["post-2626","page","type-page","status-publish","hentry"],"yoast_head":"<!-- This site is optimized with the Yoast SEO plugin v26.5 - https:\/\/yoast.com\/wordpress\/plugins\/seo\/ -->\n<title>Tous le contacts du service \u00e0 la client\u00e8le Gtec France<\/title>\n<meta name=\"description\" content=\"Voil\u00e0 tous le contacts pourcontacter notre service \u00e0 la client\u00e8le et obtenir informations techniques sur l&#039;installation, l&#039;entretien ou l&#039;achat d&#039; un UPS.\" \/>\n<meta name=\"robots\" content=\"index, follow, max-snippet:-1, max-image-preview:large, max-video-preview:-1\" \/>\n<link rel=\"canonical\" href=\"https:\/\/gtec-power.eu\/fr\/contacts-gtec-france\/\" \/>\n<meta property=\"og:locale\" content=\"fr_FR\" \/>\n<meta property=\"og:type\" content=\"article\" \/>\n<meta property=\"og:title\" content=\"Tous le contacts du service \u00e0 la client\u00e8le Gtec France\" \/>\n<meta property=\"og:description\" content=\"Voil\u00e0 tous le contacts pourcontacter notre service \u00e0 la client\u00e8le et obtenir informations techniques sur l&#039;installation, l&#039;entretien ou l&#039;achat d&#039; un UPS.\" \/>\n<meta property=\"og:url\" content=\"https:\/\/gtec-power.eu\/fr\/contacts-gtec-france\/\" \/>\n<meta property=\"og:site_name\" content=\"Gtec\" \/>\n<meta property=\"article:modified_time\" content=\"2025-08-04T15:12:39+00:00\" \/>\n<meta name=\"twitter:card\" content=\"summary_large_image\" \/>\n<meta name=\"twitter:label1\" content=\"Est. reading time\" \/>\n\t<meta name=\"twitter:data1\" content=\"2 minutes\" \/>\n<script type=\"application\/ld+json\" class=\"yoast-schema-graph\">{\"@context\":\"https:\/\/schema.org\",\"@graph\":[{\"@type\":\"WebPage\",\"@id\":\"https:\/\/gtec-power.eu\/fr\/contacts-gtec-france\/\",\"url\":\"https:\/\/gtec-power.eu\/fr\/contacts-gtec-france\/\",\"name\":\"Tous le contacts du service \u00e0 la client\u00e8le Gtec France\",\"isPartOf\":{\"@id\":\"https:\/\/gtec-power.eu\/#website\"},\"datePublished\":\"2015-11-17T16:09:06+00:00\",\"dateModified\":\"2025-08-04T15:12:39+00:00\",\"description\":\"Voil\u00e0 tous le contacts pourcontacter notre service \u00e0 la client\u00e8le et obtenir informations techniques sur l'installation, l'entretien ou l'achat d' un UPS.\",\"breadcrumb\":{\"@id\":\"https:\/\/gtec-power.eu\/fr\/contacts-gtec-france\/#breadcrumb\"},\"inLanguage\":\"fr\",\"potentialAction\":[{\"@type\":\"ReadAction\",\"target\":[\"https:\/\/gtec-power.eu\/fr\/contacts-gtec-france\/\"]}]},{\"@type\":\"BreadcrumbList\",\"@id\":\"https:\/\/gtec-power.eu\/fr\/contacts-gtec-france\/#breadcrumb\",\"itemListElement\":[{\"@type\":\"ListItem\",\"position\":1,\"name\":\"Home\",\"item\":\"https:\/\/gtec-power.eu\/fr\/\"},{\"@type\":\"ListItem\",\"position\":2,\"name\":\"Contacts Gtec France\"}]},{\"@type\":\"WebSite\",\"@id\":\"https:\/\/gtec-power.eu\/#website\",\"url\":\"https:\/\/gtec-power.eu\/\",\"name\":\"Gtec\",\"description\":\"Quality Energy Solutions\",\"potentialAction\":[{\"@type\":\"SearchAction\",\"target\":{\"@type\":\"EntryPoint\",\"urlTemplate\":\"https:\/\/gtec-power.eu\/?s={search_term_string}\"},\"query-input\":{\"@type\":\"PropertyValueSpecification\",\"valueRequired\":true,\"valueName\":\"search_term_string\"}}],\"inLanguage\":\"fr\"}]}<\/script>\n<!-- \/ Yoast SEO plugin. -->","yoast_head_json":{"title":"Tous le contacts du service \u00e0 la client\u00e8le Gtec France","description":"Voil\u00e0 tous le contacts pourcontacter notre service \u00e0 la client\u00e8le et obtenir informations techniques sur l'installation, l'entretien ou l'achat d' un UPS.","robots":{"index":"index","follow":"follow","max-snippet":"max-snippet:-1","max-image-preview":"max-image-preview:large","max-video-preview":"max-video-preview:-1"},"canonical":"https:\/\/gtec-power.eu\/fr\/contacts-gtec-france\/","og_locale":"fr_FR","og_type":"article","og_title":"Tous le contacts du service \u00e0 la client\u00e8le Gtec France","og_description":"Voil\u00e0 tous le contacts pourcontacter notre service \u00e0 la client\u00e8le et obtenir informations techniques sur l'installation, l'entretien ou l'achat d' un UPS.","og_url":"https:\/\/gtec-power.eu\/fr\/contacts-gtec-france\/","og_site_name":"Gtec","article_modified_time":"2025-08-04T15:12:39+00:00","twitter_card":"summary_large_image","twitter_misc":{"Est. reading time":"2 minutes"},"schema":{"@context":"https:\/\/schema.org","@graph":[{"@type":"WebPage","@id":"https:\/\/gtec-power.eu\/fr\/contacts-gtec-france\/","url":"https:\/\/gtec-power.eu\/fr\/contacts-gtec-france\/","name":"Tous le contacts du service \u00e0 la client\u00e8le Gtec France","isPartOf":{"@id":"https:\/\/gtec-power.eu\/#website"},"datePublished":"2015-11-17T16:09:06+00:00","dateModified":"2025-08-04T15:12:39+00:00","description":"Voil\u00e0 tous le contacts pourcontacter notre service \u00e0 la client\u00e8le et obtenir informations techniques sur l'installation, l'entretien ou l'achat d' un UPS.","breadcrumb":{"@id":"https:\/\/gtec-power.eu\/fr\/contacts-gtec-france\/#breadcrumb"},"inLanguage":"fr","potentialAction":[{"@type":"ReadAction","target":["https:\/\/gtec-power.eu\/fr\/contacts-gtec-france\/"]}]},{"@type":"BreadcrumbList","@id":"https:\/\/gtec-power.eu\/fr\/contacts-gtec-france\/#breadcrumb","itemListElement":[{"@type":"ListItem","position":1,"name":"Home","item":"https:\/\/gtec-power.eu\/fr\/"},{"@type":"ListItem","position":2,"name":"Contacts Gtec France"}]},{"@type":"WebSite","@id":"https:\/\/gtec-power.eu\/#website","url":"https:\/\/gtec-power.eu\/","name":"Gtec","description":"Quality Energy Solutions","potentialAction":[{"@type":"SearchAction","target":{"@type":"EntryPoint","urlTemplate":"https:\/\/gtec-power.eu\/?s={search_term_string}"},"query-input":{"@type":"PropertyValueSpecification","valueRequired":true,"valueName":"search_term_string"}}],"inLanguage":"fr"}]}},"_links":{"self":[{"href":"https:\/\/gtec-power.eu\/fr\/wp-json\/wp\/v2\/pages\/2626","targetHints":{"allow":["GET"]}}],"collection":[{"href":"https:\/\/gtec-power.eu\/fr\/wp-json\/wp\/v2\/pages"}],"about":[{"href":"https:\/\/gtec-power.eu\/fr\/wp-json\/wp\/v2\/types\/page"}],"author":[{"embeddable":true,"href":"https:\/\/gtec-power.eu\/fr\/wp-json\/wp\/v2\/users\/7"}],"replies":[{"embeddable":true,"href":"https:\/\/gtec-power.eu\/fr\/wp-json\/wp\/v2\/comments?post=2626"}],"version-history":[{"count":13,"href":"https:\/\/gtec-power.eu\/fr\/wp-json\/wp\/v2\/pages\/2626\/revisions"}],"predecessor-version":[{"id":21230,"href":"https:\/\/gtec-power.eu\/fr\/wp-json\/wp\/v2\/pages\/2626\/revisions\/21230"}],"wp:attachment":[{"href":"https:\/\/gtec-power.eu\/fr\/wp-json\/wp\/v2\/media?parent=2626"}],"curies":[{"name":"wp","href":"https:\/\/api.w.org\/{rel}","templated":true}]}}